{"id":40,"date":"2023-10-05T11:49:16","date_gmt":"2023-10-05T09:49:16","guid":{"rendered":"https:\/\/gitepeseux.fr\/?page_id=40"},"modified":"2026-01-28T20:58:00","modified_gmt":"2026-01-28T19:58:00","slug":"tarifs-et-informations-pratiques","status":"publish","type":"page","link":"https:\/\/gitepeseux.fr\/index.php\/tarifs-et-informations-pratiques\/","title":{"rendered":"Informations pratiques"},"content":{"rendered":"\n<pre class=\"wp-block-verse has-contrast-color has-text-color\">Location en gestion libre uniquement<br><br><strong>Tarif : <\/strong><br>16\u20ac\/jour\/personne, toutes charges comprises avec un minimum de 2 jours et de 25 personnes<br><br><strong>Acc\u00e8s : <\/strong><br>Gite Derri\u00e8re la Roche <br>25 190 Peseux France <\/pre>\n\n\n\n<figure class=\"wp-block-image size-full is-resized\"><a href=\"https:\/\/www.google.fr\/maps\/place\/G%C3%AEte+Derri%C3%A8re+la+roche\/@47.3053888,6.6828141,18.39z\/data=!4m12!1m5!3m4!2zNDfCsDE4JzE5LjQiTiA2wrA0MScwMy41IkU!8m2!3d47.3054!4d6.6843!3m5!1s0x47920ba3ed4765bf:0x2527dcc5df8a3d4e!8m2!3d47.3055057!4d6.6832124!16s%2Fg%2F11h5s3l9fl?entry=ttu\" target=\"_blank\" rel=\"noreferrer noopener\"><img loading=\"lazy\" decoding=\"async\" width=\"536\" height=\"480\" src=\"https:\/\/gitepeseux.fr\/wp-content\/uploads\/2023\/10\/Capture.gite_.png\" alt=\"\" class=\"wp-image-41\" style=\"width:274px;height:245px\" srcset=\"https:\/\/gitepeseux.fr\/wp-content\/uploads\/2023\/10\/Capture.gite_.png 536w, https:\/\/gitepeseux.fr\/wp-content\/uploads\/2023\/10\/Capture.gite_-300x269.png 300w\" sizes=\"auto, (max-width: 536px) 100vw, 536px\" \/><\/a><\/figure>\n\n\n\n<p>Cliquez <a href=\"https:\/\/www.google.fr\/maps\/place\/G%C3%AEte+Derri%C3%A8re+la+roche\/@47.3053669,6.6821711,16.93z\/data=!4m12!1m5!3m4!2zNDfCsDE4JzE5LjQiTiA2wrA0MScwMy41IkU!8m2!3d47.3053889!4d6.6843056!3m5!1s0x47920ba3ed4765bf:0x2527dcc5df8a3d4e!8m2!3d47.3055057!4d6.6832124!16s%2Fg%2F11h5s3l9fl?entry=ttu\">ici <\/a>pour calculer votre itin\u00e9raire !<\/p>\n\n\n\n<p class=\"has-contrast-color has-text-color\"><strong>Contact pour tous renseignements<\/strong> :<\/p>\n\n\n\n<p class=\"has-contrast-color has-text-color\">T\u00e9l\u00e9phone&nbsp;: 06 82 34 03 00<br>Messagerie&nbsp;: <a href=\"mailto:christian.vuillier@wanadoo.fr\">christian.<\/a><a href=\"mailto:christian.vuillier@wanadoo.fr\"><u>vuillier<\/u>@wanadoo.fr<\/a><\/p>\n","protected":false},"excerpt":{"rendered":"<p>Location en gestion libre uniquementTarif : 16\u20ac\/jour\/personne, toutes charges comprises avec un minimum de 2 jours et de 25 personnesAcc\u00e8s : Gite Derri\u00e8re la Roche 25 190 Peseux France Cliquez ici pour calculer votre itin\u00e9raire ! Contact pour tous renseignements : T\u00e9l\u00e9phone&nbsp;: 06 82 34 03 00Messagerie&nbsp;: christian.vuillier@wanadoo.fr<\/p>\n","protected":false},"author":1,"featured_media":0,"parent":0,"menu_order":0,"comment_status":"closed","ping_status":"closed","template":"","meta":{"footnotes":""},"class_list":["post-40","page","type-page","status-publish","hentry"],"_links":{"self":[{"href":"https:\/\/gitepeseux.fr\/index.php\/wp-json\/wp\/v2\/pages\/40","targetHints":{"allow":["GET"]}}],"collection":[{"href":"https:\/\/gitepeseux.fr\/index.php\/wp-json\/wp\/v2\/pages"}],"about":[{"href":"https:\/\/gitepeseux.fr\/index.php\/wp-json\/wp\/v2\/types\/page"}],"author":[{"embeddable":true,"href":"https:\/\/gitepeseux.fr\/index.php\/wp-json\/wp\/v2\/users\/1"}],"replies":[{"embeddable":true,"href":"https:\/\/gitepeseux.fr\/index.php\/wp-json\/wp\/v2\/comments?post=40"}],"version-history":[{"count":6,"href":"https:\/\/gitepeseux.fr\/index.php\/wp-json\/wp\/v2\/pages\/40\/revisions"}],"predecessor-version":[{"id":158,"href":"https:\/\/gitepeseux.fr\/index.php\/wp-json\/wp\/v2\/pages\/40\/revisions\/158"}],"wp:attachment":[{"href":"https:\/\/gitepeseux.fr\/index.php\/wp-json\/wp\/v2\/media?parent=40"}],"curies":[{"name":"wp","href":"https:\/\/api.w.org\/{rel}","templated":true}]}}