{"id":19,"date":"2023-10-05T09:19:34","date_gmt":"2023-10-05T07:19:34","guid":{"rendered":"https:\/\/gitepeseux.fr\/?page_id=19"},"modified":"2023-11-01T14:01:45","modified_gmt":"2023-11-01T13:01:45","slug":"accueil","status":"publish","type":"page","link":"https:\/\/gitepeseux.fr\/","title":{"rendered":"Gite Derri\u00e8re la Roche"},"content":{"rendered":"\n<h3 class=\"wp-block-heading\">Accueil de groupes <br>en gestion libre uniquement<\/h3>\n\n\n\n<figure class=\"wp-block-image size-full\"><img loading=\"lazy\" decoding=\"async\" width=\"850\" height=\"429\" src=\"https:\/\/gitepeseux.fr\/wp-content\/uploads\/2023\/10\/imp_principale.png\" alt=\"\" class=\"wp-image-20\" srcset=\"https:\/\/gitepeseux.fr\/wp-content\/uploads\/2023\/10\/imp_principale.png 850w, https:\/\/gitepeseux.fr\/wp-content\/uploads\/2023\/10\/imp_principale-300x151.png 300w, https:\/\/gitepeseux.fr\/wp-content\/uploads\/2023\/10\/imp_principale-768x388.png 768w\" sizes=\"auto, (max-width: 850px) 100vw, 850px\" \/><\/figure>\n\n\n\n<p>Cette ancienne ferme enti\u00e8rement restaur\u00e9e, est situ\u00e9e dans un cadre magnifique au milieu de for\u00eats et de vastes prairies sur un terrain isol\u00e9 de 10 hectares, \u00e0 environ 1 km du village de Peseux dans le Doubs (Franche-Comt\u00e9). Dans un paysage sauvage \u00e0 700 m d&#8217;altitude, laissez-vous s\u00e9duire par la douceur de vivre de cette ancienne ferme de 680 m2&nbsp; habitables qui a su conserver son charme rustique tout en offrant un excellent confort. Ce g\u00eete avec ses 2 salles de r\u00e9union de 120 et 60 m2, et ses 42 couchages, son espace multi-sport, son mini-golf,son terrain de p\u00e9tanque, etc. est particuli\u00e8rement adapt\u00e9 pour l&#8217;accueil de groupe : <\/p>\n\n\n\n<ul class=\"wp-block-list\">\n<li>&nbsp;s\u00e9minaires, <\/li>\n\n\n\n<li>cousinades, <\/li>\n\n\n\n<li>anniversaires, <\/li>\n\n\n\n<li>s\u00e9jours sportifs, <\/li>\n\n\n\n<li>autres. <\/li>\n<\/ul>\n\n\n\n<p><strong>42 couchages au total dont 34 dans le grand gite et 8 dans le petit gite attenant. <\/strong><\/p>\n\n\n\n<p>Agr\u00e9ment Jeunesse et sport<\/p>\n\n\n\n<p>Agr\u00e9ment \u00c9ducation nationale<\/p>\n","protected":false},"excerpt":{"rendered":"<p>Accueil de groupes en gestion libre uniquement Cette ancienne ferme enti\u00e8rement restaur\u00e9e, est situ\u00e9e dans un cadre magnifique au milieu de for\u00eats et de vastes prairies sur un terrain isol\u00e9 de 10 hectares, \u00e0 environ 1 km du village de Peseux dans le Doubs (Franche-Comt\u00e9). Dans un paysage sauvage \u00e0 700 m d&#8217;altitude, laissez-vous s\u00e9duire [&hellip;]<\/p>\n","protected":false},"author":1,"featured_media":0,"parent":0,"menu_order":0,"comment_status":"closed","ping_status":"closed","template":"","meta":{"footnotes":""},"class_list":["post-19","page","type-page","status-publish","hentry"],"_links":{"self":[{"href":"https:\/\/gitepeseux.fr\/index.php\/wp-json\/wp\/v2\/pages\/19","targetHints":{"allow":["GET"]}}],"collection":[{"href":"https:\/\/gitepeseux.fr\/index.php\/wp-json\/wp\/v2\/pages"}],"about":[{"href":"https:\/\/gitepeseux.fr\/index.php\/wp-json\/wp\/v2\/types\/page"}],"author":[{"embeddable":true,"href":"https:\/\/gitepeseux.fr\/index.php\/wp-json\/wp\/v2\/users\/1"}],"replies":[{"embeddable":true,"href":"https:\/\/gitepeseux.fr\/index.php\/wp-json\/wp\/v2\/comments?post=19"}],"version-history":[{"count":8,"href":"https:\/\/gitepeseux.fr\/index.php\/wp-json\/wp\/v2\/pages\/19\/revisions"}],"predecessor-version":[{"id":156,"href":"https:\/\/gitepeseux.fr\/index.php\/wp-json\/wp\/v2\/pages\/19\/revisions\/156"}],"wp:attachment":[{"href":"https:\/\/gitepeseux.fr\/index.php\/wp-json\/wp\/v2\/media?parent=19"}],"curies":[{"name":"wp","href":"https:\/\/api.w.org\/{rel}","templated":true}]}}